{"id":1482,"date":"2020-12-17T05:41:35","date_gmt":"2020-12-17T05:41:35","guid":{"rendered":"https:\/\/ikbindustrial.com\/?page_id=1482"},"modified":"2020-12-17T05:52:53","modified_gmt":"2020-12-17T05:52:53","slug":"politica_calidad_y_med_amb","status":"publish","type":"page","link":"https:\/\/ikbindustrial.com\/en\/politica_calidad_y_med_amb","title":{"rendered":"Pol\u00edtica de Calidad y Medio Ambiente"},"content":{"rendered":"<p>[et_pb_section fb_built=\u00bb1&#8243; _builder_version=\u00bb3.24&#8243; background_image=\u00bbhttps:\/\/ikbindustrial.com\/wp-content\/uploads\/2020\/12\/environmental-protection-326923_1920.jpg\u00bb parallax=\u00bbon\u00bb custom_padding=\u00bb54px|0px|0|0px|false|false\u00bb][et_pb_row custom_padding=\u00bb30px||135px\u00bb module_class=\u00bb et_pb_row_fullwidth\u00bb _builder_version=\u00bb3.24&#8243; width=\u00bb89%\u00bb width_tablet=\u00bb80%\u00bb width_last_edited=\u00bbon|desktop\u00bb max_width=\u00bb89%\u00bb max_width_tablet=\u00bb80%\u00bb max_width_last_edited=\u00bbon|desktop\u00bb make_fullwidth=\u00bbon\u00bb][et_pb_column type=\u00bb4_4&#8243; _builder_version=\u00bb3.19.5&#8243;][et_pb_text admin_label=\u00bbTexto\u00bb _builder_version=\u00bb3.24&#8243; text_font=\u00bbRaleway||||||||\u00bb text_font_size=\u00bb25px\u00bb header_font=\u00bbRaleway|200|||||||\u00bb header_font_size=\u00bb70px\u00bb text_orientation=\u00bbcenter\u00bb background_layout=\u00bbdark\u00bb animation_style=\u00bbfade\u00bb]<\/p>\n<h1>Pol\u00edtica de Calidad y Medio Ambiente<\/h1>\n<p>[\/et_pb_text][\/et_pb_column][\/et_pb_row][\/et_pb_section][et_pb_section fb_built=\u00bb1&#8243; _builder_version=\u00bb3.22.3&#8243; custom_padding=\u00bb50px|0px|50px|0px|false|false\u00bb][et_pb_row _builder_version=\u00bb3.22.3&#8243;][et_pb_column type=\u00bb4_4&#8243; _builder_version=\u00bb3.19.5&#8243;][et_pb_text _builder_version=\u00bb3.24&#8243;]<\/p>\n<h2>POL\u00cdTICA DE CALIDAD Y MEDIO AMBIENTE<\/h2>\n<p>&nbsp;<\/p>\n<p>Nuestra empresa, IKB DESARROLLOS INDUSTRIALES S.L., es una empresa especializada en la fabricaci\u00f3n de Sistemas de cables el\u00e9ctricos, mazos de cable (wire harness) y realizaci\u00f3n de sub-ensamblajes de componentes el\u00e9ctricos y electr\u00f3nicos para los sectores industriales de fabricantes de bienes de equipos. Adem\u00e1s, IKB DESARROLLOS INDUSTRIALES S.L., posee las instalaciones necesarias y personal capacitado para la realizaci\u00f3n de los productos que el cliente requiera.<\/p>\n<p>Con el objeto fundamental de garantizar que toda nuestra actividad se realice dentro de un alto nivel de calidad y eficacia para usted y asegurando el menor impacto posible sobre nuestro entorno, la Direcci\u00f3n de IKB DESARROLLOS INDUSTRIALES S.L., una vez analizado y revisado anualmente el contexto de la organizaci\u00f3n, ha decidido implantar en nuestras instalaciones un Sistema Integrado de Calidad y Medio Ambiente.<\/p>\n<p>Con el fin de conseguir de nuestro Sistema de Gesti\u00f3n Integrado de Calidad y Medio Ambiente, nuestra direcci\u00f3n fundamenta su compromiso en materia de calidad y desempe\u00f1o ambiental de sus actividades a trav\u00e9s de los principios que se recogen a continuaci\u00f3n:<\/p>\n<ul>\n<li>Mejorar de forma continua la calidad del servicio prestado a nuestros clientes y mejorar nuestro comportamiento frente a los impactos ambientales que se puedan ocasionar,<\/li>\n<li>Lograr una mayor competitividad en nuestros mercados bas\u00e1ndonos en la confianza y fidelizaci\u00f3n de nuestros clientes. Asegurando la satisfacci\u00f3n de los mismos con un trato siempre correcto y cumpliendo sus expectativas y las de las partes interesadas pertinentes.<\/li>\n<li>Respetar nuestro entorno, que se desarrolla a trav\u00e9s de todos los que formamos parte de<strong>\u00a0KB Desarrollos Industriales<\/strong>, ayudando de este modo a prevenir la contaminaci\u00f3n.<\/li>\n<li>Cumplir con los requisitos legales, as\u00ed como otros requisitos voluntarios que suscribamos, realizando nuestra actividad dentro de un marco de respeto al Medio Ambiente.<\/li>\n<li>Impulsar iniciativas de mejora en la calidad y buenas pr\u00e1cticas ambientales, como son la reducci\u00f3n de consumos y la segregaci\u00f3n y correcta gesti\u00f3n de los residuos que generamos, proporcionando la formaci\u00f3n a nuestros empleados para que colaboren activamente en esta causa.<\/li>\n<li>Identificar y evaluar los riesgos y oportunidades, as\u00ed como realizar un plan de acci\u00f3n, para mejorar continuamente nuestro Sistema de Gesti\u00f3n y lograr los objetivos propuestos.<\/li>\n<\/ul>\n<p>Esta Pol\u00edtica de Calidad y Medio Ambiente es revisada para su continua adecuaci\u00f3n al menos una vez al a\u00f1o en la Revisi\u00f3n del Sistema por la Direcci\u00f3n, a la vez que los objetivos y metas de Calidad y Medio Ambiente, constituyendo un marco de referencia para el establecimiento y revisi\u00f3n de nuestros objetivos.<\/p>\n<p>La Pol\u00edtica de Calidad y Medio Ambiente es comunicada a todo el personal de la organizaci\u00f3n con el fin de que sea entendida en todos los niveles y se encuentra a disposici\u00f3n del p\u00fablico bajo solicitud de cualquier parte interesada.<\/p>\n<p>Madrid, 22 de abril de 2020<\/p>\n<p>Jos\u00e9 Roberto Londo\u00f1o<\/p>\n<p>[\/et_pb_text][\/et_pb_column][\/et_pb_row][\/et_pb_section]<\/p>","protected":false},"excerpt":{"rendered":"<p>Pol\u00edtica de Calidad y Medio AmbientePOL\u00cdTICA DE CALIDAD Y MEDIO AMBIENTE &nbsp; Nuestra empresa, IKB DESARROLLOS INDUSTRIALES S.L., es una empresa especializada en la fabricaci\u00f3n de Sistemas de cables el\u00e9ctricos, mazos de cable (wire harness) y realizaci\u00f3n de sub-ensamblajes de componentes el\u00e9ctricos y electr\u00f3nicos para los sectores industriales de fabricantes de bienes de equipos. Adem\u00e1s, [&hellip;]<\/p>","protected":false},"author":2,"featured_media":0,"parent":0,"menu_order":0,"comment_status":"closed","ping_status":"closed","template":"","meta":{"_et_pb_use_builder":"on","_et_pb_old_content":"<strong>POL\u00cdTICA DE PRIVACIDAD Y PROTECCI\u00d3N DE DATOS<\/strong>\r\n\r\nDe conformidad con el vigente Reglamento (UE) 2016\/679 del 27 de abril de 2016 (RGPD) y la Ley Org\u00e1nica (ES) 15\/1999 del 13 de diciembre (LOPD), informamos que la informaci\u00f3n de car\u00e1cter personal de los visitantes del sitio web ser\u00e1n tratados con el objetivo de atender a solicitudes de informaci\u00f3n, solicitudes de presupuestos u otras solicitudes de car\u00e1cter comercial sobre nuestros servicios.\r\n\r\nDicho tratamiento de la informaci\u00f3n estar\u00e1 legitimado por su propio consentimiento. Al marcar la casilla de verificaci\u00f3n correspondiente y haciendo clic en el bot\u00f3n \u201cENVIAR\u201d, el visitante autoriza el tratamiento de sus datos por parte de la empresa, IKB Desarrollos Industriales, S.L. C\/ Rumania, 8 \u2013 Nave 2, P.I. Inbisa en Alcal\u00e1 de Henares, 28802, (Madrid).\r\n\r\nIgualmente, se informa que, salvo imperativo legal, no cederemos dicha informaci\u00f3n a terceros.\r\n\r\nNo obstante, se comunica al visitante que en cualquier momento puede ejercitar los derechos de acceso, rectificaci\u00f3n o eliminaci\u00f3n de la informaci\u00f3n recogida, as\u00ed como disponer de otros derechos reconocidos en el presente documento y regulados en el Reglamento (UE) 2016\/679, notific\u00e1ndolo a\u00a0<a href=\"mailto:info@ikbindustrial.com\">info@ikbindustrial.com<\/a>","_et_gb_content_width":"","footnotes":""},"class_list":["post-1482","page","type-page","status-publish","hentry"],"_links":{"self":[{"href":"https:\/\/ikbindustrial.com\/en\/wp-json\/wp\/v2\/pages\/1482"}],"collection":[{"href":"https:\/\/ikbindustrial.com\/en\/wp-json\/wp\/v2\/pages"}],"about":[{"href":"https:\/\/ikbindustrial.com\/en\/wp-json\/wp\/v2\/types\/page"}],"author":[{"embeddable":true,"href":"https:\/\/ikbindustrial.com\/en\/wp-json\/wp\/v2\/users\/2"}],"replies":[{"embeddable":true,"href":"https:\/\/ikbindustrial.com\/en\/wp-json\/wp\/v2\/comments?post=1482"}],"version-history":[{"count":0,"href":"https:\/\/ikbindustrial.com\/en\/wp-json\/wp\/v2\/pages\/1482\/revisions"}],"wp:attachment":[{"href":"https:\/\/ikbindustrial.com\/en\/wp-json\/wp\/v2\/media?parent=1482"}],"curies":[{"name":"wp","href":"https:\/\/api.w.org\/{rel}","templated":true}]}}