{"id":900,"date":"2019-01-17T16:39:33","date_gmt":"2019-01-17T16:39:33","guid":{"rendered":"http:\/\/ikbindustrial.com\/?page_id=900"},"modified":"2019-01-23T12:28:50","modified_gmt":"2019-01-23T12:28:50","slug":"politica-de-privacidad","status":"publish","type":"page","link":"https:\/\/ikbindustrial.com\/en\/politica-de-privacidad","title":{"rendered":"Privacy policy"},"content":{"rendered":"<p>[et_pb_section fb_built=\u00bb1&#8243; _builder_version=\u00bb3.19.7&#8243; background_image=\u00bbhttp:\/\/ikbindustrial.com\/wp-content\/uploads\/2019\/01\/Cabecera-Politica-Privacidad.jpg\u00bb parallax=\u00bbon\u00bb custom_padding=\u00bb54px|0px|0|0px|false|false\u00bb][et_pb_row make_fullwidth=\u00bbon\u00bb custom_padding=\u00bb30px||135px\u00bb _builder_version=\u00bb3.19.5&#8243;][et_pb_column type=\u00bb4_4&#8243; _builder_version=\u00bb3.19.5&#8243; parallax=\u00bboff\u00bb parallax_method=\u00bbon\u00bb][et_pb_text _builder_version=\u00bb3.19.7&#8243; text_font=\u00bbRaleway||||||||\u00bb text_font_size=\u00bb25px\u00bb header_font=\u00bbRaleway|200|||||||\u00bb header_font_size=\u00bb70px\u00bb text_orientation=\u00bbcenter\u00bb background_layout=\u00bbdark\u00bb animation_style=\u00bbfade\u00bb]<\/p>\n<h1>Privacy policy<\/h1>\n<p>[\/et_pb_text][\/et_pb_column][\/et_pb_row][\/et_pb_section][et_pb_section fb_built=\u00bb1&#8243; _builder_version=\u00bb3.19.5&#8243; custom_padding=\u00bb50px|0px|50px|0px|false|false\u00bb][et_pb_row _builder_version=\u00bb3.19.5&#8243;][et_pb_column type=\u00bb4_4&#8243; _builder_version=\u00bb3.19.5&#8243; parallax=\u00bboff\u00bb parallax_method=\u00bbon\u00bb][et_pb_text _builder_version=\u00bb3.19.7&#8243;]<\/p>\n<h2>PRIVACY AND DATA PROTECTION POLICY<\/h2>\n<p>&nbsp;<\/p>\n<p>In accordance with the current Regulation (EU) 2016\/679 of April 27, 2016 (RGPD) and the Organic Law (ES) 15\/1999 of December 13 (LOPD), we inform that the personal information of the visitors of the Website will be treated with the aim of attending requests for information, requests for quotes or other requests of a commercial nature about our services.<\/p>\n<p>Such treatment of the information will be legitimized by their own consent. By checking the corresponding check box and clicking on the \"SEND\" button, the visitor authorizes the processing of their data by the company, IKB Desarrollos Industriales, S.L. C \/ Romania, 8 - Ship 2, P.I. Inbisa in Alcal\u00e1 de Henares, 28802, (Madrid).<\/p>\n<p>Likewise, we inform that, except legal imperative, we will not pass on this information to third parties.<\/p>\n<p>However, visitors are informed that at any time they can exercise the rights of access, rectification or elimination of the information collected, as well as having other rights recognized in this document and regulated in Regulation (EU) 2016\/679, notifying them to info@ikbindustrial.com<\/p>\n<p>[\/et_pb_text][\/et_pb_column][\/et_pb_row][\/et_pb_section]<\/p>","protected":false},"excerpt":{"rendered":"<p>Pol\u00edtica de privacidadPOL\u00cdTICA DE PRIVACIDAD Y PROTECCI\u00d3N DE DATOS &nbsp; De conformidad con el vigente Reglamento (UE) 2016\/679 del 27 de abril de 2016 (RGPD) y la Ley Org\u00e1nica (ES) 15\/1999 del 13 de diciembre (LOPD), informamos que la informaci\u00f3n de car\u00e1cter personal de los visitantes del sitio web ser\u00e1n tratados con el objetivo de [&hellip;]<\/p>","protected":false},"author":2,"featured_media":0,"parent":0,"menu_order":0,"comment_status":"closed","ping_status":"closed","template":"","meta":{"_et_pb_use_builder":"on","_et_pb_old_content":"<strong>POL\u00cdTICA DE PRIVACIDAD Y PROTECCI\u00d3N DE DATOS<\/strong>\r\n\r\nDe conformidad con el vigente Reglamento (UE) 2016\/679 del 27 de abril de 2016 (RGPD) y la Ley Org\u00e1nica (ES) 15\/1999 del 13 de diciembre (LOPD), informamos que la informaci\u00f3n de car\u00e1cter personal de los visitantes del sitio web ser\u00e1n tratados con el objetivo de atender a solicitudes de informaci\u00f3n, solicitudes de presupuestos u otras solicitudes de car\u00e1cter comercial sobre nuestros servicios.\r\n\r\nDicho tratamiento de la informaci\u00f3n estar\u00e1 legitimado por su propio consentimiento. Al marcar la casilla de verificaci\u00f3n correspondiente y haciendo clic en el bot\u00f3n \u201cENVIAR\u201d, el visitante autoriza el tratamiento de sus datos por parte de la empresa, IKB Desarrollos Industriales, S.L. C\/ Rumania, 8 \u2013 Nave 2, P.I. Inbisa en Alcal\u00e1 de Henares, 28802, (Madrid).\r\n\r\nIgualmente, se informa que, salvo imperativo legal, no cederemos dicha informaci\u00f3n a terceros.\r\n\r\nNo obstante, se comunica al visitante que en cualquier momento puede ejercitar los derechos de acceso, rectificaci\u00f3n o eliminaci\u00f3n de la informaci\u00f3n recogida, as\u00ed como disponer de otros derechos reconocidos en el presente documento y regulados en el Reglamento (UE) 2016\/679, notific\u00e1ndolo a\u00a0<a href=\"mailto:info@ikbindustrial.com\">info@ikbindustrial.com<\/a>","_et_gb_content_width":"","footnotes":""},"class_list":["post-900","page","type-page","status-publish","hentry"],"_links":{"self":[{"href":"https:\/\/ikbindustrial.com\/en\/wp-json\/wp\/v2\/pages\/900"}],"collection":[{"href":"https:\/\/ikbindustrial.com\/en\/wp-json\/wp\/v2\/pages"}],"about":[{"href":"https:\/\/ikbindustrial.com\/en\/wp-json\/wp\/v2\/types\/page"}],"author":[{"embeddable":true,"href":"https:\/\/ikbindustrial.com\/en\/wp-json\/wp\/v2\/users\/2"}],"replies":[{"embeddable":true,"href":"https:\/\/ikbindustrial.com\/en\/wp-json\/wp\/v2\/comments?post=900"}],"version-history":[{"count":0,"href":"https:\/\/ikbindustrial.com\/en\/wp-json\/wp\/v2\/pages\/900\/revisions"}],"wp:attachment":[{"href":"https:\/\/ikbindustrial.com\/en\/wp-json\/wp\/v2\/media?parent=900"}],"curies":[{"name":"wp","href":"https:\/\/api.w.org\/{rel}","templated":true}]}}